{"id":387,"date":"2025-03-18T12:59:09","date_gmt":"2025-03-18T19:59:09","guid":{"rendered":"https:\/\/biolevel.com.mx\/es\/?post_type=product&#038;p=387"},"modified":"2026-04-06T12:18:22","modified_gmt":"2026-04-06T19:18:22","slug":"sarricida-1lt","status":"publish","type":"product","link":"https:\/\/biolevel.com.mx\/es\/producto\/sarricida-1lt\/","title":{"rendered":"Sarricida &#8211; 1 Lt."},"content":{"rendered":"","protected":false},"excerpt":{"rendered":"<p><span class=\"OYPEnA font-feature-liga-off font-feature-clig-off font-feature-calt-off text-decoration-none text-strikethrough-none\">Limpiador l\u00edquido a base de \u00e1cido y agentes limpiadores que eliminan el sarro de las superficies incluyendo las met\u00e1licas.<\/span><\/p>\n","protected":false},"featured_media":724,"comment_status":"open","ping_status":"closed","template":"","meta":[],"product_brand":[57],"product_cat":[80,21],"product_tag":[],"class_list":{"0":"post-387","1":"product","2":"type-product","3":"status-publish","4":"has-post-thumbnail","6":"product_brand-biolevel","7":"product_cat-1-litro","8":"product_cat-productos-limpieza","10":"first","11":"instock","12":"taxable","13":"shipping-taxable","14":"purchasable","15":"product-type-simple"},"_links":{"self":[{"href":"https:\/\/biolevel.com.mx\/es\/wp-json\/wp\/v2\/product\/387","targetHints":{"allow":["GET"]}}],"collection":[{"href":"https:\/\/biolevel.com.mx\/es\/wp-json\/wp\/v2\/product"}],"about":[{"href":"https:\/\/biolevel.com.mx\/es\/wp-json\/wp\/v2\/types\/product"}],"replies":[{"embeddable":true,"href":"https:\/\/biolevel.com.mx\/es\/wp-json\/wp\/v2\/comments?post=387"}],"wp:featuredmedia":[{"embeddable":true,"href":"https:\/\/biolevel.com.mx\/es\/wp-json\/wp\/v2\/media\/724"}],"wp:attachment":[{"href":"https:\/\/biolevel.com.mx\/es\/wp-json\/wp\/v2\/media?parent=387"}],"wp:term":[{"taxonomy":"product_brand","embeddable":true,"href":"https:\/\/biolevel.com.mx\/es\/wp-json\/wp\/v2\/product_brand?post=387"},{"taxonomy":"product_cat","embeddable":true,"href":"https:\/\/biolevel.com.mx\/es\/wp-json\/wp\/v2\/product_cat?post=387"},{"taxonomy":"product_tag","embeddable":true,"href":"https:\/\/biolevel.com.mx\/es\/wp-json\/wp\/v2\/product_tag?post=387"}],"curies":[{"name":"wp","href":"https:\/\/api.w.org\/{rel}","templated":true}]}}