{"id":370,"date":"2025-03-18T12:48:14","date_gmt":"2025-03-18T19:48:14","guid":{"rendered":"https:\/\/biolevel.com.mx\/es\/?post_type=product&#038;p=370"},"modified":"2026-04-06T12:20:59","modified_gmt":"2026-04-06T19:20:59","slug":"aromatizante-ambiental-1lt","status":"publish","type":"product","link":"https:\/\/biolevel.com.mx\/es\/producto\/aromatizante-ambiental-1lt\/","title":{"rendered":"Aromatizante ambiental &#8211; 1 Lt."},"content":{"rendered":"","protected":false},"excerpt":{"rendered":"<p><span class=\"OYPEnA font-feature-liga-off font-feature-clig-off font-feature-calt-off text-decoration-none text-strikethrough-none\">Aromatizante ambiental, l\u00edquido para solucionar problemas de malos olores en el ambiente, no mancha, no da\u00f1a las superficies, pintura o muebles. Formulado para ambientar diferentes \u00e1reas con un agradable aroma.<\/span><\/p>\n","protected":false},"featured_media":368,"comment_status":"open","ping_status":"closed","template":"","meta":[],"product_brand":[57],"product_cat":[80,21],"product_tag":[],"class_list":{"0":"post-370","1":"product","2":"type-product","3":"status-publish","4":"has-post-thumbnail","6":"product_brand-biolevel","7":"product_cat-1-litro","8":"product_cat-productos-limpieza","10":"first","11":"instock","12":"taxable","13":"shipping-taxable","14":"purchasable","15":"product-type-variable"},"_links":{"self":[{"href":"https:\/\/biolevel.com.mx\/es\/wp-json\/wp\/v2\/product\/370","targetHints":{"allow":["GET"]}}],"collection":[{"href":"https:\/\/biolevel.com.mx\/es\/wp-json\/wp\/v2\/product"}],"about":[{"href":"https:\/\/biolevel.com.mx\/es\/wp-json\/wp\/v2\/types\/product"}],"replies":[{"embeddable":true,"href":"https:\/\/biolevel.com.mx\/es\/wp-json\/wp\/v2\/comments?post=370"}],"wp:featuredmedia":[{"embeddable":true,"href":"https:\/\/biolevel.com.mx\/es\/wp-json\/wp\/v2\/media\/368"}],"wp:attachment":[{"href":"https:\/\/biolevel.com.mx\/es\/wp-json\/wp\/v2\/media?parent=370"}],"wp:term":[{"taxonomy":"product_brand","embeddable":true,"href":"https:\/\/biolevel.com.mx\/es\/wp-json\/wp\/v2\/product_brand?post=370"},{"taxonomy":"product_cat","embeddable":true,"href":"https:\/\/biolevel.com.mx\/es\/wp-json\/wp\/v2\/product_cat?post=370"},{"taxonomy":"product_tag","embeddable":true,"href":"https:\/\/biolevel.com.mx\/es\/wp-json\/wp\/v2\/product_tag?post=370"}],"curies":[{"name":"wp","href":"https:\/\/api.w.org\/{rel}","templated":true}]}}