{"id":356,"date":"2025-03-18T12:08:11","date_gmt":"2025-03-18T19:08:11","guid":{"rendered":"https:\/\/biolevel.com.mx\/es\/?post_type=product&#038;p=356"},"modified":"2026-04-06T12:22:39","modified_gmt":"2026-04-06T19:22:39","slug":"suavizante-de-ropa-1lt","status":"publish","type":"product","link":"https:\/\/biolevel.com.mx\/es\/producto\/suavizante-de-ropa-1lt\/","title":{"rendered":"Suavizante de ropa &#8211; 1 Lt."},"content":{"rendered":"<p class=\"p1\"><b>MODO DE EMPLEO:<\/b><\/p>\n<p class=\"p1\">A\u00f1adir 7O ml de detergente por carga completa de ropa. Si la ropa est\u00e1 muy sucia a\u00f1adir el doble de cantidad.<\/p>\n","protected":false},"excerpt":{"rendered":"<p>Mezcla de ingredientes cati\u00f3nicos que proporcionan suavidad a las prendas, adem\u00e1s de permitir una liberaci\u00f3n de fragancia por mucho mayor tiempo.<\/p>\n","protected":false},"featured_media":352,"comment_status":"open","ping_status":"closed","template":"","meta":[],"product_brand":[57],"product_cat":[80,21],"product_tag":[85,83],"class_list":{"0":"post-356","1":"product","2":"type-product","3":"status-publish","4":"has-post-thumbnail","6":"product_brand-biolevel","7":"product_cat-1-litro","8":"product_cat-productos-limpieza","9":"product_tag-lavanderia","10":"product_tag-ropa","12":"first","13":"instock","14":"taxable","15":"shipping-taxable","16":"purchasable","17":"product-type-variable"},"_links":{"self":[{"href":"https:\/\/biolevel.com.mx\/es\/wp-json\/wp\/v2\/product\/356","targetHints":{"allow":["GET"]}}],"collection":[{"href":"https:\/\/biolevel.com.mx\/es\/wp-json\/wp\/v2\/product"}],"about":[{"href":"https:\/\/biolevel.com.mx\/es\/wp-json\/wp\/v2\/types\/product"}],"replies":[{"embeddable":true,"href":"https:\/\/biolevel.com.mx\/es\/wp-json\/wp\/v2\/comments?post=356"}],"wp:featuredmedia":[{"embeddable":true,"href":"https:\/\/biolevel.com.mx\/es\/wp-json\/wp\/v2\/media\/352"}],"wp:attachment":[{"href":"https:\/\/biolevel.com.mx\/es\/wp-json\/wp\/v2\/media?parent=356"}],"wp:term":[{"taxonomy":"product_brand","embeddable":true,"href":"https:\/\/biolevel.com.mx\/es\/wp-json\/wp\/v2\/product_brand?post=356"},{"taxonomy":"product_cat","embeddable":true,"href":"https:\/\/biolevel.com.mx\/es\/wp-json\/wp\/v2\/product_cat?post=356"},{"taxonomy":"product_tag","embeddable":true,"href":"https:\/\/biolevel.com.mx\/es\/wp-json\/wp\/v2\/product_tag?post=356"}],"curies":[{"name":"wp","href":"https:\/\/api.w.org\/{rel}","templated":true}]}}