{"id":290,"date":"2025-03-10T22:29:29","date_gmt":"2025-03-11T05:29:29","guid":{"rendered":"https:\/\/biolevel.com.mx\/es\/?post_type=product&#038;p=290"},"modified":"2026-04-06T12:22:53","modified_gmt":"2026-04-06T19:22:53","slug":"jabon-para-ropa-1-lt","status":"publish","type":"product","link":"https:\/\/biolevel.com.mx\/es\/producto\/jabon-para-ropa-1-lt\/","title":{"rendered":"Jab\u00f3n para ropa &#8211; 1 Lt."},"content":{"rendered":"<p class=\"p1\"><b>MODO DE EMPLEO:<\/b><\/p>\n<p class=\"p1\">A\u00f1adir 7O ml de detergente por carga completa de ropa. Si la ropa est\u00e1 muy sucia a\u00f1adir el doble de cantidad.<\/p>\n","protected":false},"excerpt":{"rendered":"<p><span class=\"OYPEnA font-feature-liga-off font-feature-clig-off font-feature-calt-off text-decoration-none text-strikethrough-none\">L\u00edquido viscoso ligeramente alcalino para el lavado de ropa, con agentes limpiadores suaves que no da\u00f1an la prenda, dejando un agradable aroma.<\/span><\/p>\n","protected":false},"featured_media":338,"comment_status":"open","ping_status":"closed","template":"","meta":[],"product_brand":[57],"product_cat":[80,21],"product_tag":[85,83],"class_list":{"0":"post-290","1":"product","2":"type-product","3":"status-publish","4":"has-post-thumbnail","6":"product_brand-biolevel","7":"product_cat-1-litro","8":"product_cat-productos-limpieza","9":"product_tag-lavanderia","10":"product_tag-ropa","12":"first","13":"instock","14":"taxable","15":"shipping-taxable","16":"purchasable","17":"product-type-variable"},"_links":{"self":[{"href":"https:\/\/biolevel.com.mx\/es\/wp-json\/wp\/v2\/product\/290","targetHints":{"allow":["GET"]}}],"collection":[{"href":"https:\/\/biolevel.com.mx\/es\/wp-json\/wp\/v2\/product"}],"about":[{"href":"https:\/\/biolevel.com.mx\/es\/wp-json\/wp\/v2\/types\/product"}],"replies":[{"embeddable":true,"href":"https:\/\/biolevel.com.mx\/es\/wp-json\/wp\/v2\/comments?post=290"}],"wp:featuredmedia":[{"embeddable":true,"href":"https:\/\/biolevel.com.mx\/es\/wp-json\/wp\/v2\/media\/338"}],"wp:attachment":[{"href":"https:\/\/biolevel.com.mx\/es\/wp-json\/wp\/v2\/media?parent=290"}],"wp:term":[{"taxonomy":"product_brand","embeddable":true,"href":"https:\/\/biolevel.com.mx\/es\/wp-json\/wp\/v2\/product_brand?post=290"},{"taxonomy":"product_cat","embeddable":true,"href":"https:\/\/biolevel.com.mx\/es\/wp-json\/wp\/v2\/product_cat?post=290"},{"taxonomy":"product_tag","embeddable":true,"href":"https:\/\/biolevel.com.mx\/es\/wp-json\/wp\/v2\/product_tag?post=290"}],"curies":[{"name":"wp","href":"https:\/\/api.w.org\/{rel}","templated":true}]}}